{"id":8,"date":"2024-01-18T16:37:07","date_gmt":"2024-01-18T15:37:07","guid":{"rendered":"https:\/\/wordpress.gebhardt-architekt.com\/?page_id=8"},"modified":"2024-11-21T23:45:28","modified_gmt":"2024-11-21T22:45:28","slug":"startseite","status":"publish","type":"page","link":"https:\/\/gebhardt-architekt.com\/en\/","title":{"rendered":"Startseite"},"content":{"rendered":"<ul>\n<li>\n<p>        <img decoding=\"async\" src=\"\/wp-content\/uploads\/2024\/08\/Palmaille_gestaucht.jpg\" alt=\"\"><\/p>\n<h3>&#8220;Mit Nachhaltigkeit verbinden wir vor allem gestalterische Qualit\u00e4t, solide konstruktive Durcharbeitung und Nutzungsoffenheit.&#8221;<\/h3>\n<\/li>\n<li>\n<p>        <img decoding=\"async\" src=\"\/wp-content\/uploads\/2024\/11\/Flughafen.jpg\" alt=\"\"><\/p>\n<h3>&#8220;Wir verdichten Komplexit\u00e4t zu einer einfachen, nachvollziehbaren Gestalt.&#8221;<\/h3>\n<\/li>\n<li>\n<p>        <img decoding=\"async\" src=\"\/wp-content\/uploads\/2024\/11\/201103.jpg\" alt=\"Albanisches Parlament Tirana\"><\/p>\n<h3>&#8220;In einem sch\u00f6nen Geb\u00e4ude vereinen sich eine abstrakte Idee und sinnliche Eindr\u00fccke.&#8221;<\/h3>\n<\/li>\n<li>\n<p>        <img decoding=\"async\" src=\"\/wp-content\/uploads\/2024\/11\/Wir-bevorzugen-Materialien-und-Konstruktionsweisen-die-in-Wuerde-altern.jpg\" alt=\"Wir-bevorzugen-Materialien-und-Konstruktionsweisen, die in W\u00fcrde altern\"><\/p>\n<h3>&#8220;Wir bevorzugen Materialien und Konstruktionsweisen, die in W\u00fcrde altern.&#8221;<\/h3>\n<\/li>\n<li>\n<p>        <img decoding=\"async\" src=\"\/wp-content\/uploads\/2024\/11\/Eine-dem-Ort-und-der-Aufgabe-angemessene-Loesung-ist-unser-Ziel-Analyse-und-Intuition-im-Dialog-ist-unser-Weg-dorthin.jpg\" alt=\"Eine dem Ort und der Aufgabe angemessene L\u00f6sung ist unser Ziel, Analyse und Intuition im Dialog ist unser Weg dorthin\"><\/p>\n<h3>&#8220;Eine dem Ort und der Aufgabe angemessene L\u00f6sung ist unser Ziel, Analyse und Intuition im Dialog ist unser Weg dorthin.&#8221;<\/h3>\n<\/li>\n<\/ul>\n<ul>\n<li>\n<p><img decoding=\"async\" src=\"\/wp-content\/uploads\/2024\/08\/Palmaille_gestaucht.jpg\" alt=\"\"><\/p>\n<h3>&#8220;Mit Nachhaltigkeit verbinden wir vor allem gestalterische Qualit\u00e4t, solide konstruktive Durcharbeitung und Nutzungsoffenheit.&#8221;<\/h3>\n<p><a href=\"\/projekte\/stadthaus-palmaille-98-hamburg\/\"><\/a><\/p>\n<\/li>\n<li>\n<p><img decoding=\"async\" src=\"\/wp-content\/uploads\/2024\/11\/Flughafen.jpg\" alt=\"New Siem Reap International Airport\"><\/p>\n<h3>&#8220;Wir verdichten Komplexit\u00e4t zu einer einfachen, nachvollziehbaren Gestalt.&#8221;<\/h3>\n<p><a href=\"\/2024\/09\/24\/new-siem-reap-international-airport\/\"><\/a><\/p>\n<\/li>\n<li>\n<p><img decoding=\"async\" src=\"\/wp-content\/uploads\/2024\/11\/201103.jpg\" alt=\"Albanisches Parlament Tirana\"><\/p>\n<h3>&#8220;In einem sch\u00f6nen Geb\u00e4ude vereinen sich eine abstrakte Idee und sinnliche Eindr\u00fccke.&#8221;<\/h3>\n<p><a href=\"\/2024\/09\/25\/albanisches-parlament-tirana-2011\/\"><\/a><\/p>\n<\/li>\n<li>\n<p><img decoding=\"async\" src=\"\/wp-content\/uploads\/2024\/11\/Wir-bevorzugen-Materialien-und-Konstruktionsweisen-die-in-Wuerde-altern.jpg\" alt=\"Wir-bevorzugen-Materialien-und-Konstruktionsweisen, die in W\u00fcrde altern\"><\/p>\n<h3>&#8220;Wir bevorzugen Materialien und Konstruktionsweisen, die in W\u00fcrde altern.&#8221;<\/h3>\n<p><a href=\"\/2024\/09\/11\/innenausbau-wohnung-32-stadtvilla-kanzleistrasse-hamburg-2000\/\"><\/a><\/p>\n<\/li>\n<li>\n<p><img decoding=\"async\" src=\"\/wp-content\/uploads\/2024\/11\/Eine-dem-Ort-und-der-Aufgabe-angemessene-Loesung-ist-unser-Ziel-Analyse-und-Intuition-im-Dialog-ist-unser-Weg-dorthin.jpg\" alt=\"Eine dem Ort und der Aufgabe angemessene L\u00f6sung ist unser Ziel, Analyse und Intuition im Dialog ist unser Weg dorthin\"><\/p>\n<h3>&#8220;Eine dem Ort und der Aufgabe angemessene L\u00f6sung ist unser Ziel, Analyse und Intuition im Dialog ist unser Weg dorthin.&#8221;<\/h3>\n<p><a href=\"\/2024\/09\/17\/eco-center-nakdong-river-busan-korea-2004\/\"><\/a><\/p>\n<\/li>\n<\/ul>\n<p><!--more--><br \/>\n<!-- {\"type\":\"layout\",\"children\":[{\"type\":\"section\",\"props\":{\"height\":\"page\",\"image_position\":\"center-center\",\"padding_remove_bottom\":true,\"padding_remove_top\":true,\"style\":\"default\",\"title_breakpoint\":\"xl\",\"title_position\":\"top-left\",\"title_rotation\":\"left\",\"vertical_align\":\"\",\"width\":\"default\"},\"children\":[{\"type\":\"row\",\"children\":[{\"type\":\"column\",\"props\":{\"image_position\":\"center-center\",\"position_sticky_breakpoint\":\"m\"},\"children\":[{\"type\":\"overlay-slider\",\"props\":{\"css\":\".el-title {\\ncolor:#fff;\\nfont-size:22px !important;\\ntext-shadow:1px 1px 1px #000;\\nfont-weight:regular !important;\\n    max-width:500px;\\ntext-align:left;\\n}\\n\\n.el-slidenav {\\nbackground:#00000000 !important;\\n}\",\"image_height\":\"800\",\"image_transition\":\"scale-up\",\"image_width\":\"1750\",\"link_style\":\"default\",\"link_text\":\"\",\"margin\":\"default\",\"margin_remove_bottom\":true,\"meta_align\":\"below-title\",\"meta_element\":\"div\",\"meta_style\":\"text-meta\",\"nav\":\"\",\"nav_align\":\"center\",\"nav_breakpoint\":\"s\",\"overlay_link\":true,\"overlay_mode\":\"cover\",\"overlay_position\":\"bottom-right\",\"overlay_transition\":\"fade\",\"show_content\":true,\"show_hover_image\":true,\"show_hover_video\":true,\"show_link\":true,\"show_meta\":true,\"show_title\":true,\"slidenav\":\"bottom-left\",\"slidenav_breakpoint\":\"s\",\"slidenav_hover\":true,\"slidenav_margin\":\"medium\",\"slidenav_outside_breakpoint\":\"xl\",\"slider_autoplay\":true,\"slider_autoplay_interval\":\"9\",\"slider_autoplay_pause\":true,\"slider_gap\":\"default\",\"slider_width\":\"fixed\",\"slider_width_default\":\"1-1\",\"slider_width_medium\":\"1-1\",\"text_align\":\"center\",\"title_element\":\"h3\",\"title_hover_style\":\"reset\",\"visibility\":\"s\"},\"children\":[{\"type\":\"overlay-slider_item\",\"props\":{\"image\":\"wp-content\\\/uploads\\\/2024\\\/08\\\/Palmaille_gestaucht.jpg\",\"media_overlay\":\"rgba(0, 0, 0, 0.21)\",\"title\":\"\\\"Mit Nachhaltigkeit verbinden wir vor allem gestalterische Qualit\\u00e4t, solide konstruktive Durcharbeitung und Nutzungsoffenheit.\\\"\",\"title_en_us\":\"\\u2018Above all, we associate sustainability with design quality, solid structural workmanship and openness of use.\\u2019\"}},{\"type\":\"overlay-slider_item\",\"props\":{\"image\":\"wp-content\\\/uploads\\\/2024\\\/11\\\/Flughafen.jpg\",\"media_overlay\":\"rgba(0, 0, 0, 0.21)\",\"title\":\"\\\"Wir verdichten Komplexit\\u00e4t zu einer einfachen, nachvollziehbaren Gestalt.\\\"\",\"title_en_us\":\"\\u2018We condense complexity into a simple, comprehensible form.\\u2019\"}},{\"type\":\"overlay-slider_item\",\"props\":{\"image\":\"wp-content\\\/uploads\\\/2024\\\/11\\\/201103.jpg\",\"image_alt\":\"Albanisches Parlament Tirana\",\"title\":\"\\\"In einem sch\\u00f6nen Geb\\u00e4ude vereinen sich eine abstrakte Idee und sinnliche Eindr\\u00fccke.\\\"\",\"title_en_us\":\"\\u2018A beautiful building combines an abstract idea and sensual impressions.\\u2019\"}},{\"type\":\"overlay-slider_item\",\"props\":{\"image\":\"wp-content\\\/uploads\\\/2024\\\/11\\\/Bahnhof-Altona.jpg\",\"image_alt\":\"Altona Nord\",\"link\":\"2024\\\/09\\\/26\\\/altona-nord-2016\\\/\",\"status\":\"disabled\",\"title\":\"Altona Nord\"}},{\"type\":\"overlay-slider_item\",\"props\":{\"image\":\"wp-content\\\/uploads\\\/2024\\\/11\\\/Wir-bevorzugen-Materialien-und-Konstruktionsweisen-die-in-Wuerde-altern.jpg\",\"image_alt\":\"Wir-bevorzugen-Materialien-und-Konstruktionsweisen, die in W\\u00fcrde altern\",\"title\":\"\\\"Wir bevorzugen Materialien und Konstruktionsweisen, die in W\\u00fcrde altern.\\\"\",\"title_en_us\":\"\\u2018We favour materials and construction methods that age gracefully.\\u2019\"}},{\"type\":\"overlay-slider_item\",\"props\":{\"image\":\"wp-content\\\/uploads\\\/2024\\\/11\\\/Eine-dem-Ort-und-der-Aufgabe-angemessene-Loesung-ist-unser-Ziel-Analyse-und-Intuition-im-Dialog-ist-unser-Weg-dorthin.jpg\",\"image_alt\":\"Eine dem Ort und der Aufgabe angemessene L\\u00f6sung ist unser Ziel, Analyse und Intuition im Dialog ist unser Weg dorthin\",\"title\":\"\\\"Eine dem Ort und der Aufgabe angemessene L\\u00f6sung ist unser Ziel, Analyse und Intuition im Dialog ist unser Weg dorthin.\\\"\",\"title_en_us\":\"\\u2018Our goal is to find a solution appropriate to the location and the task; analysis and intuition in dialogue is how we get there.\\u2019\"}}]},{\"type\":\"panel-slider\",\"props\":{\"content_column_breakpoint\":\"m\",\"css\":\".el-title {\\ncolor:#000;\\nfont-size:23px !important;\\n}\\n\\n.el-content {\\ncolor:#000;\\nfont-size:22px;\\n}\",\"icon_width\":80,\"image_align\":\"top\",\"image_grid_breakpoint\":\"m\",\"image_grid_width\":\"1-2\",\"image_link\":true,\"image_svg_color\":\"emphasis\",\"image_transition\":\"scale-up\",\"link_style\":\"default\",\"link_text\":\"\",\"margin\":\"default\",\"margin_remove_top\":true,\"meta_align\":\"below-title\",\"meta_element\":\"div\",\"meta_style\":\"text-meta\",\"nav\":\"\",\"nav_align\":\"center\",\"nav_breakpoint\":\"s\",\"panel_link\":true,\"panel_match\":true,\"show_content\":true,\"show_image\":true,\"show_link\":false,\"show_meta\":true,\"show_title\":true,\"slidenav\":\"bottom-left\",\"slidenav_breakpoint\":\"s\",\"slidenav_hover\":true,\"slidenav_margin\":\"medium\",\"slidenav_outside_breakpoint\":\"xl\",\"slider_autoplay\":true,\"slider_autoplay_interval\":\"9\",\"slider_autoplay_pause\":true,\"slider_gap\":\"default\",\"slider_width\":\"fixed\",\"slider_width_default\":\"1-1\",\"slider_width_medium\":\"1-1\",\"text_align\":\"left\",\"title_align\":\"top\",\"title_element\":\"h3\",\"title_grid_breakpoint\":\"m\",\"title_grid_width\":\"1-2\",\"title_hover_style\":\"reset\",\"title_link\":true,\"visibility\":\"hidden-s\"},\"children\":[{\"type\":\"panel-slider_item\",\"props\":{\"content\":\"\",\"image\":\"wp-content\\\/uploads\\\/2024\\\/08\\\/Palmaille_gestaucht.jpg\",\"link\":\"projekte\\\/stadthaus-palmaille-98-hamburg\\\/\",\"title\":\"\\\"Mit Nachhaltigkeit verbinden wir vor allem gestalterische Qualit\\u00e4t, solide konstruktive Durcharbeitung und Nutzungsoffenheit.\\\"\",\"title_en_us\":\"\\u2018Above all, we associate sustainability with design quality, solid structural workmanship and openness of use.\\u2019\"}},{\"type\":\"panel-slider_item\",\"props\":{\"image\":\"wp-content\\\/uploads\\\/2024\\\/11\\\/Flughafen.jpg\",\"image_alt\":\"New Siem Reap International Airport\",\"link\":\"2024\\\/09\\\/24\\\/new-siem-reap-international-airport\\\/\",\"title\":\"\\\"Wir verdichten Komplexit\\u00e4t zu einer einfachen, nachvollziehbaren Gestalt.\\\"\",\"title_en_us\":\"\\u2018We condense complexity into a simple, comprehensible form.\\u2019\"}},{\"type\":\"panel-slider_item\",\"props\":{\"image\":\"wp-content\\\/uploads\\\/2024\\\/11\\\/201103.jpg\",\"image_alt\":\"Albanisches Parlament Tirana\",\"link\":\"2024\\\/09\\\/25\\\/albanisches-parlament-tirana-2011\\\/\",\"title\":\"\\\"In einem sch\\u00f6nen Geb\\u00e4ude vereinen sich eine abstrakte Idee und sinnliche Eindr\\u00fccke.\\\"\",\"title_en_us\":\"\\u2018A beautiful building combines an abstract idea and sensual impressions.\\u2019\"}},{\"type\":\"panel-slider_item\",\"props\":{\"image\":\"wp-content\\\/uploads\\\/2024\\\/11\\\/Bahnhof-Altona.jpg\",\"image_alt\":\"Altona Nord\",\"link\":\"2024\\\/09\\\/26\\\/altona-nord-2016\\\/\",\"status\":\"disabled\",\"title\":\"Altona Nord\"}},{\"type\":\"panel-slider_item\",\"props\":{\"image\":\"wp-content\\\/uploads\\\/2024\\\/11\\\/Wir-bevorzugen-Materialien-und-Konstruktionsweisen-die-in-Wuerde-altern.jpg\",\"image_alt\":\"Wir-bevorzugen-Materialien-und-Konstruktionsweisen, die in W\\u00fcrde altern\",\"link\":\"2024\\\/09\\\/11\\\/innenausbau-wohnung-32-stadtvilla-kanzleistrasse-hamburg-2000\\\/\",\"title\":\"\\\"Wir bevorzugen Materialien und Konstruktionsweisen, die in W\\u00fcrde altern.\\\"\",\"title_en_us\":\"\\u2018We favour materials and construction methods that age gracefully.\\u2019\"}},{\"type\":\"panel-slider_item\",\"props\":{\"image\":\"wp-content\\\/uploads\\\/2024\\\/11\\\/Eine-dem-Ort-und-der-Aufgabe-angemessene-Loesung-ist-unser-Ziel-Analyse-und-Intuition-im-Dialog-ist-unser-Weg-dorthin.jpg\",\"image_alt\":\"Eine dem Ort und der Aufgabe angemessene L\\u00f6sung ist unser Ziel, Analyse und Intuition im Dialog ist unser Weg dorthin\",\"link\":\"2024\\\/09\\\/17\\\/eco-center-nakdong-river-busan-korea-2004\\\/\",\"title\":\"\\\"Eine dem Ort und der Aufgabe angemessene L\\u00f6sung ist unser Ziel, Analyse und Intuition im Dialog ist unser Weg dorthin.\\\"\",\"title_en_us\":\"\\u2018Our goal is to find a solution appropriate to the location and the task; analysis and intuition in dialogue is how we get there.\\u2019\"}}]}]}]}]}],\"version\":\"4.4.12\"} --><\/p>\n","protected":false},"excerpt":{"rendered":"<p>\u2018Above all, we associate sustainability with design quality, solid structural workmanship and openness of use.\u2019 \u2018We condense complexity into a simple, comprehensible form.\u2019 \u2018A beautiful building combines an abstract idea and sensual impressions.\u2019 \u2018We favour materials and construction methods that age gracefully.\u2019 \u2018Our goal is to find a solution appropriate to the location and the [&hellip;]<\/p>\n","protected":false},"author":1,"featured_media":0,"parent":0,"menu_order":0,"comment_status":"closed","ping_status":"closed","template":"","meta":{"footnotes":""},"class_list":["post-8","page","type-page","status-publish","hentry"],"_links":{"self":[{"href":"https:\/\/gebhardt-architekt.com\/en\/wp-json\/wp\/v2\/pages\/8","targetHints":{"allow":["GET"]}}],"collection":[{"href":"https:\/\/gebhardt-architekt.com\/en\/wp-json\/wp\/v2\/pages"}],"about":[{"href":"https:\/\/gebhardt-architekt.com\/en\/wp-json\/wp\/v2\/types\/page"}],"author":[{"embeddable":true,"href":"https:\/\/gebhardt-architekt.com\/en\/wp-json\/wp\/v2\/users\/1"}],"replies":[{"embeddable":true,"href":"https:\/\/gebhardt-architekt.com\/en\/wp-json\/wp\/v2\/comments?post=8"}],"version-history":[{"count":10,"href":"https:\/\/gebhardt-architekt.com\/en\/wp-json\/wp\/v2\/pages\/8\/revisions"}],"predecessor-version":[{"id":2406,"href":"https:\/\/gebhardt-architekt.com\/en\/wp-json\/wp\/v2\/pages\/8\/revisions\/2406"}],"wp:attachment":[{"href":"https:\/\/gebhardt-architekt.com\/en\/wp-json\/wp\/v2\/media?parent=8"}],"curies":[{"name":"wp","href":"https:\/\/api.w.org\/{rel}","templated":true}]}}