{"id":194,"date":"2024-07-04T19:31:11","date_gmt":"2024-07-04T17:31:11","guid":{"rendered":"https:\/\/wordpress.gebhardt-architekt.com\/?page_id=194"},"modified":"2025-09-10T10:46:55","modified_gmt":"2025-09-10T08:46:55","slug":"impressum","status":"publish","type":"page","link":"https:\/\/gebhardt-architekt.com\/en\/impressum\/","title":{"rendered":"Impressum"},"content":{"rendered":"<h1>Impressum<\/h1>\n<div>\n<p>Die nachstehenden Informationen enthalten die gesetzlich vorgesehenen Pflichtangaben zur Anbieterkennzeichnung sowie wichtige rechtliche Hinweise zur Internet-Pr\u00e4senz des Architekturb\u00fcros Walter Gebhardt.<\/p>\n<p><strong>Anbieter dieser Internet-Pr\u00e4senz ist im Rechtssinne:<\/strong><br \/>Walter Gebhardt | Architekt,<br \/>Johnsallee 68,<br \/>20146 Hamburg,<br \/>Tel.: 040\/41350444,<br \/>E-mail: <a href=\"mailto:buero@gebhardt-architekt.com\">buero@gebhardt-architekt.com<\/a><\/p>\n<p>Wirtschaftsidentifikationsnummer: DE181943258-00001<\/p>\n<p>Walter Gebhardt ist Mitglied der Hamburgischen Architektenkammer, Freischaffender Architekt (in Deutschland verliehen) und Stadtplaner. Berufsrechtliche Regelungen in Deutschland: Hamburgisches Architektengesetz, Berufsordnung der Hamburgischen Architektenkammer, Honorarordnung f\u00fcr Architekten und Ingenieure.<\/p>\n<p><strong>Rechtliche Hinweise zur Haftung \/ Disclaimer:<\/strong><br \/>Das Architekturb\u00fcro Gebhardt ist um Richtigkeit und Aktualit\u00e4t der auf dieser Internet-Pr\u00e4senz bereit gestellten Informationen bem\u00fcht. Trotzdem k\u00f6nnen Fehler und Unklarheiten nicht vollst\u00e4ndig ausgeschlossen werden. Das Architektur-<br \/>b\u00fcro Gebhardt \u00fcbernimmt deshalb keine Gew\u00e4hr f\u00fcr die Aktualit\u00e4t, Richtigkeit, Vollst\u00e4ndigkeit oder Qualit\u00e4t der bereit gestellten Informationen. F\u00fcr Sch\u00e4den materieller oder immaterieller Art, die durch die Nutzung oder Nichtnutzung der dargebotenen Informationen bzw. durch die Nutzung fehlerhafter und unvollst\u00e4ndiger Informationen unmittelbar oder mittelbar verursacht werden, haftet das Architektur-<br \/>b\u00fcro Gebhardt nicht, sofern ihr nicht nachweislich vors\u00e4tzliches oder grob fahrl\u00e4ssiges Verschulden zur Last f\u00e4llt.<br \/>Das Architekturb\u00fcro Gebhardt beh\u00e4lt sich vor, Teile des Internet-Angebots oder das gesamte Angebot ohne gesonderte Ank\u00fcndigung zu ver\u00e4ndern, zu erg\u00e4nzen, zu l\u00f6schen oder die Ver\u00f6ffentlichung zeitweise oder endg\u00fcltig einzustellen.<\/p>\n<p><strong>Rechtliche Hinweise zum Urheberrecht:<\/strong> das Layout der Homepage, die verwendeten Grafiken sowie die sonstigen Inhalte sind urheberrechtlich gesch\u00fctzt.<\/p>\n<p>Die Bildrechte liegen bei Sabine von Breunig, Klaus Frahm, G\u00e4rtner + Christ, Jochen St\u00fcber, Walter Gebhardt, gmp-Architekten, Heiner Leiska, Hans M\u00fcnchalfen, Wolf Dieter Gericke, V cube.<\/p>\n<p>Modellbau: Wiens und Partner.<\/p>\n<\/div>\n<p><!--more--><br \/>\n<!-- {\"type\":\"layout\",\"children\":[{\"type\":\"section\",\"props\":{\"image_position\":\"center-center\",\"padding_remove_top\":true,\"style\":\"default\",\"title_breakpoint\":\"xl\",\"title_position\":\"top-left\",\"title_rotation\":\"left\",\"vertical_align\":\"\",\"width\":\"default\"},\"children\":[{\"type\":\"row\",\"children\":[{\"type\":\"column\",\"props\":{\"image_position\":\"center-center\",\"position_sticky_breakpoint\":\"m\"},\"children\":[{\"type\":\"headline\",\"props\":{\"content\":\"Impressum\",\"content_en_us\":\"imprint\",\"css\":\".el-element, .el-element p {\\nfont-size:25px; font-weight: 400; font-family: HermesFB-Regular !important;\\n}\",\"title_element\":\"h1\",\"title_style\":\"h2\"}},{\"type\":\"text\",\"props\":{\"column_breakpoint\":\"m\",\"content\":\"\n\n<p>Die nachstehenden Informationen enthalten die gesetzlich vorgesehenen Pflichtangaben zur Anbieterkennzeichnung sowie wichtige rechtliche Hinweise zur Internet-Pr\\u00e4senz des Architekturb\\u00fcros Walter Gebhardt.<\\\/p>\\n\n\n<p><strong>Anbieter dieser Internet-Pr\\u00e4senz ist im Rechtssinne:<\\\/strong><br \\\/>Walter Gebhardt | Architekt,<br \\\/>Johnsallee 68,<br \\\/>20146 Hamburg,<br \\\/>Tel.: 040\\\/41350444,<br \\\/>E-mail: <a href=\\\"mailto:buero@gebhardt-architekt.com\\\">buero@gebhardt-architekt.com<\\\/a><\\\/p>\\n\n\n<p>Wirtschaftsidentifikationsnummer: DE181943258-00001<\\\/p>\\n\n\n<p>Walter Gebhardt ist Mitglied der Hamburgischen Architektenkammer, Freischaffender Architekt (in Deutschland verliehen) und Stadtplaner. Berufsrechtliche Regelungen in Deutschland: Hamburgisches Architektengesetz, Berufsordnung der Hamburgischen Architektenkammer, Honorarordnung f\\u00fcr Architekten und Ingenieure.<\\\/p>\\n\n\n<p><strong>Rechtliche Hinweise zur Haftung \\\/ Disclaimer:<\\\/strong><br \\\/>Das Architekturb\\u00fcro Gebhardt ist um Richtigkeit und Aktualit\\u00e4t der auf dieser Internet-Pr\\u00e4senz bereit gestellten Informationen bem\\u00fcht. Trotzdem k\\u00f6nnen Fehler und Unklarheiten nicht vollst\\u00e4ndig ausgeschlossen werden. Das Architektur-<br \\\/>b\\u00fcro Gebhardt \\u00fcbernimmt deshalb keine Gew\\u00e4hr f\\u00fcr die Aktualit\\u00e4t, Richtigkeit, Vollst\\u00e4ndigkeit oder Qualit\\u00e4t der bereit gestellten Informationen. F\\u00fcr Sch\\u00e4den materieller oder immaterieller Art, die durch die Nutzung oder Nichtnutzung der dargebotenen Informationen bzw. durch die Nutzung fehlerhafter und unvollst\\u00e4ndiger Informationen unmittelbar oder mittelbar verursacht werden, haftet das Architektur-<br \\\/>b\\u00fcro Gebhardt nicht, sofern ihr nicht nachweislich vors\\u00e4tzliches oder grob fahrl\\u00e4ssiges Verschulden zur Last f\\u00e4llt.<br \\\/>Das Architekturb\\u00fcro Gebhardt beh\\u00e4lt sich vor, Teile des Internet-Angebots oder das gesamte Angebot ohne gesonderte Ank\\u00fcndigung zu ver\\u00e4ndern, zu erg\\u00e4nzen, zu l\\u00f6schen oder die Ver\\u00f6ffentlichung zeitweise oder endg\\u00fcltig einzustellen.<\\\/p>\\n\n\n<p><strong>Rechtliche Hinweise zum Urheberrecht:<\\\/strong> das Layout der Homepage, die verwendeten Grafiken sowie die sonstigen Inhalte sind urheberrechtlich gesch\\u00fctzt.<\\\/p>\\n\n\n<p>Die Bildrechte liegen bei Sabine von Breunig, Klaus Frahm, G\\u00e4rtner + Christ, Jochen St\\u00fcber, Walter Gebhardt, gmp-Architekten, Heiner Leiska, Hans M\\u00fcnchalfen, Wolf Dieter Gericke, V cube.<\\\/p>\\n\n\n<p>Modellbau: Wiens und Partner.<\\\/p>\",\"content_en_us\":\"\n\n<p>The following information contains the legally required details for provider identification as well as important legal notices regarding the website of the architecture firm Walter Gebhardt.<\\\/p>\\n\n\n<p><strong>The provider of this website, in the legal sense, is:<\\\/strong><br \\\/>Walter Gebhardt | Architect<br \\\/>Johnsallee 68<br \\\/>20146 Hamburg<br \\\/>Phone: 040\\\/41350444<br \\\/>E-mail: <a href=\\\"mailto:buero@gebhardt-architekt.com\\\">buero@gebhardt-architekt.com<\\\/a><\\\/p>\\n\n\n<p>Walter Gebhardt is a member of the Hamburg Chamber of Architects, a freelance architect (title granted in Germany), and an urban planner. Professional regulations in Germany: Hamburg Architects Act, Code of Conduct of the Hamburg Chamber of Architects, Fee Schedule for Architects and Engineers.<\\\/p>\\n\n\n<p><strong>Legal Notices on Liability \\\/ Disclaimer:<\\\/strong><br \\\/>The architecture firm Gebhardt strives to ensure the accuracy and timeliness of the information provided on this website. Nevertheless, errors and ambiguities cannot be entirely ruled out. Therefore, the Gebhardt architecture firm assumes no liability for the currency, accuracy, completeness, or quality of the information provided. The Gebhardt architecture firm is not liable for any material or immaterial damages caused directly or indirectly by the use or non-use of the information provided or by the use of erroneous or incomplete information, unless it can be proven that the firm acted with intent or gross negligence.<br \\\/>The Gebhardt architecture firm reserves the right to change, supplement, delete parts of the website or the entire offer without prior notice, or to temporarily or permanently discontinue publication.<\\\/p>\\n\n\n<p><strong>Legal Notice on Copyright:<\\\/strong><br \\\/>The layout of the homepage, the graphics used, and the other content are protected by copyright.<\\\/p>\\n\n\n<p>Image rights are held by Sabine von Breunig, Klaus Frahm, G\\u00e4rtner + Christ, Jochen St\\u00fcber, Walter Gebhardt, gmp-Architects, Heiner Leiska, Hans M\\u00fcnchalfen, Wolf Dieter Gericke, V cube.<\\\/p>\\n\n\n<p>Model construction: Wiens and Partner.<\\\/p>\",\"margin\":\"default\"}}]}]}],\"name\":\"Header image + headline + text | DE & EN\"}],\"version\":\"4.4.18\"} --><\/p>\n","protected":false},"excerpt":{"rendered":"<p>imprint The following information contains the legally required details for provider identification as well as important legal notices regarding the website of the architecture firm Walter Gebhardt. The provider of this website, in the legal sense, is:Walter Gebhardt | ArchitectJohnsallee 6820146 HamburgPhone: 040\/41350444E-mail: buero@gebhardt-architekt.com Walter Gebhardt is a member of the Hamburg Chamber of Architects, [&hellip;]<\/p>\n","protected":false},"author":1,"featured_media":0,"parent":0,"menu_order":0,"comment_status":"closed","ping_status":"closed","template":"","meta":{"footnotes":""},"class_list":["post-194","page","type-page","status-publish","hentry"],"_links":{"self":[{"href":"https:\/\/gebhardt-architekt.com\/en\/wp-json\/wp\/v2\/pages\/194","targetHints":{"allow":["GET"]}}],"collection":[{"href":"https:\/\/gebhardt-architekt.com\/en\/wp-json\/wp\/v2\/pages"}],"about":[{"href":"https:\/\/gebhardt-architekt.com\/en\/wp-json\/wp\/v2\/types\/page"}],"author":[{"embeddable":true,"href":"https:\/\/gebhardt-architekt.com\/en\/wp-json\/wp\/v2\/users\/1"}],"replies":[{"embeddable":true,"href":"https:\/\/gebhardt-architekt.com\/en\/wp-json\/wp\/v2\/comments?post=194"}],"version-history":[{"count":6,"href":"https:\/\/gebhardt-architekt.com\/en\/wp-json\/wp\/v2\/pages\/194\/revisions"}],"predecessor-version":[{"id":2543,"href":"https:\/\/gebhardt-architekt.com\/en\/wp-json\/wp\/v2\/pages\/194\/revisions\/2543"}],"wp:attachment":[{"href":"https:\/\/gebhardt-architekt.com\/en\/wp-json\/wp\/v2\/media?parent=194"}],"curies":[{"name":"wp","href":"https:\/\/api.w.org\/{rel}","templated":true}]}}